{"id":180,"date":"2024-02-02T09:41:10","date_gmt":"2024-02-02T09:41:10","guid":{"rendered":"http:\/\/13.48.241.249\/?page_id=180"},"modified":"2025-07-02T20:22:26","modified_gmt":"2025-07-02T18:22:26","slug":"cookie","status":"publish","type":"page","link":"https:\/\/zendr.se\/no\/cookie\/","title":{"rendered":"Informasjonskapsler"},"content":{"rendered":"<div data-elementor-type=\"wp-page\" data-elementor-id=\"180\" class=\"elementor elementor-180\" data-elementor-post-type=\"page\">\n\t\t\t\t<div class=\"elementor-element elementor-element-6a505ffc e-flex e-con-boxed e-con e-parent\" data-id=\"6a505ffc\" data-element_type=\"container\" data-e-type=\"container\">\n\t\t\t\t\t<div class=\"e-con-inner\">\n\t\t\t\t\t<\/div>\n\t\t\t\t<\/div>\n\t\t<div class=\"elementor-element elementor-element-a987d11 e-flex e-con-boxed e-con e-parent\" data-id=\"a987d11\" data-element_type=\"container\" data-e-type=\"container\">\n\t\t\t\t\t<div class=\"e-con-inner\">\n\t\t\t\t<div class=\"elementor-element elementor-element-61b9915 elementor-widget elementor-widget-heading\" data-id=\"61b9915\" data-element_type=\"widget\" data-e-type=\"widget\" data-widget_type=\"heading.default\">\n\t\t\t\t<div class=\"elementor-widget-container\">\n\t\t\t\t\t<h1 class=\"elementor-heading-title elementor-size-default\">Informasjon om informasjonskapsler<\/h1>\t\t\t\t<\/div>\n\t\t\t\t<\/div>\n\t\t\t\t\t<\/div>\n\t\t\t\t<\/div>\n\t\t<div class=\"elementor-element elementor-element-b75244e e-flex e-con-boxed e-con e-parent\" data-id=\"b75244e\" data-element_type=\"container\" data-e-type=\"container\">\n\t\t\t\t\t<div class=\"e-con-inner\">\n\t\t\t\t<div class=\"elementor-element elementor-element-f6d7eba elementor-widget elementor-widget-text-editor\" data-id=\"f6d7eba\" data-element_type=\"widget\" data-e-type=\"widget\" data-widget_type=\"text-editor.default\">\n\t\t\t\t<div class=\"elementor-widget-container\">\n\t\t\t\t\t\t\t\t\t<p><strong style=\"font-size: 1rem;\">Ikrafttredelsesdato:<\/strong><span style=\"font-size: 1rem;\">\u00a02. juli 2025<\/span><\/p><p><strong>Sist oppdatert:<\/strong>\u00a02. juli 2025 \u00a0<\/p><p>\u00a0<\/p><p><strong>Hva er informasjonskapsler?<\/strong> <br \/>Denne cookiepolicyen forklarer hva cookies er, hvordan vi bruker dem, hvilke typer cookies vi bruker \u2013 det vil si hvilken informasjon vi samler inn via cookies og hvordan den brukes \u2013 samt hvordan du kan administrere dine cookieinnstillinger. Cookies er sm\u00e5 tekstfiler som brukes til \u00e5 lagre sm\u00e5 mengder informasjon. De lagres p\u00e5 enheten din n\u00e5r nettstedet lastes i nettleseren din. Disse cookiene hjelper oss med \u00e5 f\u00e5 nettstedet til \u00e5 fungere korrekt, gj\u00f8re det sikrere, forbedre brukeropplevelsen og forst\u00e5 hvordan nettstedet fungerer og hvor forbedringer trengs.\u00a0<\/p><p><strong>Hvordan bruker vi informasjonskapsler?<\/strong> <br \/>Som de fleste onlinetjenester bruker nettstedet v\u00e5rt b\u00e5de f\u00f8rsteparts- og tredjepartscookies for ulike form\u00e5l. F\u00f8rstepartscookies er i hovedsak n\u00f8dvendige for at nettstedet skal fungere korrekt og samler ikke inn personlig identifiserbar informasjon. Tredjepartscookies som brukes p\u00e5 nettstedet v\u00e5rt, brukes hovedsakelig til \u00e5 forst\u00e5 hvordan nettstedet presterer, hvordan du samhandler med det, for \u00e5 holde tjenestene v\u00e5re sikre, for \u00e5 vise relevante annonser, samt for \u00e5 forbedre brukeropplevelsen din og fremskynde fremtidige interaksjoner med nettstedet.\u00a0<\/p><p><strong>Typer av informasjonskapsler vi bruker<\/strong><\/p>\t\t\t\t\t\t\t\t<\/div>\n\t\t\t\t<\/div>\n\t\t\t\t<div class=\"elementor-element elementor-element-3b0f01d elementor-widget elementor-widget-html\" data-id=\"3b0f01d\" data-element_type=\"widget\" data-e-type=\"widget\" data-widget_type=\"html.default\">\n\t\t\t\t<div class=\"elementor-widget-container\">\n\t\t\t\t\t<style>\n    a.cky-banner-element {\n        padding: 8px 30px;\n        background: #F8F9FA;\n        color: #858A8F;\n        border: 1px solid #DEE2E6;\n        box-sizing: border-box;\n        border-radius: 2px;\n        cursor: pointer;\n}\n<\/style>\n\n\n\n    <div class=\"cky-audit-table-element\"><\/div>\n\n&nbsp;\n    <h5 style=\"margin-bottom:20px;\">Informasjonskapselinnstillinger<\/h5>\n\n    <a class=\"cky-banner-element\">Informasjonskapselinnstillinger<\/a> <br\/>\n\n   \n\n\n\t\t\t\t<\/div>\n\t\t\t\t<\/div>\n\t\t\t\t<div class=\"elementor-element elementor-element-c652ebc elementor-widget elementor-widget-text-editor\" data-id=\"c652ebc\" data-element_type=\"widget\" data-e-type=\"widget\" data-widget_type=\"text-editor.default\">\n\t\t\t\t<div class=\"elementor-widget-container\">\n\t\t\t\t\t\t\t\t\t<p>\u00a0<\/p><p>Du kan n\u00e5r som helst endre dine informasjonskapselinnstillinger ved \u00e5 klikke p\u00e5 knappen ovenfor. Dette lar deg bes\u00f8ke samtykkemeldingen igjen og endre innstillingene dine eller trekke tilbake samtykket ditt umiddelbart.<\/p><p>I tillegg tilbyr forskjellige nettlesere ulike metoder for \u00e5 blokkere og slette informasjonskapsler som brukes av nettsteder. Du kan endre innstillingene i nettleseren din for \u00e5 blokkere eller slette informasjonskapsler. Nedenfor finner du lenker til st\u00f8ttesider for de vanligste nettleserne:<\/p><ul><li><strong>Chrome\u00a0<\/strong><a href=\"https:\/\/support.google.com\/accounts\/answer\/32050\">https:\/\/support.google.com\/accounts\/answer\/32050<\/a><\/li><li><strong>Safari:<\/strong><a href=\"https:\/\/support.apple.com\/en-in\/guide\/safari\/sfri11471\/mac\">https:\/\/support.apple.com\/en-in\/guide\/safari\/sfri11471\/mac<\/a><\/li><li><strong>Firefox:<\/strong><a href=\"https:\/\/support.mozilla.org\/en-US\/kb\/clear-cookies-and-site-data-firefox\">https:\/\/support.mozilla.org\/en-US\/kb\/clear-cookies-and-site-data-firefox<\/a><\/li><li><strong>Internettutforsker<\/strong><a href=\"https:\/\/support.microsoft.com\/en-us\/topic\/how-to-delete-cookie-files-in-internet-explorer-bca9446f-d873-78de-77ba-d42645fa52fc\">https:\/\/support.microsoft.com\/en-us\/topic\/how-to-delete-cookie-files-in-internet-explorer-bca9446f-d873-78de-77ba-d42645fa52fc<\/a><\/li><\/ul><p>Hvis du bruker en annen nettleser, vennligst bes\u00f8k nettleserens offisielle st\u00f8tteside.<\/p><p><strong>Cookiepolicy generert av CookieYes \u2013 Cookiepolicygenerator.<\/strong><\/p>\t\t\t\t\t\t\t\t<\/div>\n\t\t\t\t<\/div>\n\t\t\t\t\t<\/div>\n\t\t\t\t<\/div>\n\t\t\t\t<\/div>","protected":false},"excerpt":{"rendered":"<p>Cookiepolicy Ikrafttr\u00e4dandedatum:\u00a02 juli 2025 Senast uppdaterad:\u00a02 juli 2025 \u00a0 \u00a0 Vad \u00e4r cookies? Denna cookiepolicy f\u00f6rklarar vad cookies \u00e4r, hur vi anv\u00e4nder dem, vilka typer av cookies vi anv\u00e4nder \u2013 det vill s\u00e4ga vilken information vi samlar in via cookies och hur den anv\u00e4nds \u2013 samt hur du kan hantera dina cookieinst\u00e4llningar. Cookies \u00e4r sm\u00e5 [&hellip;]<\/p>\n","protected":false},"author":1,"featured_media":3998,"parent":0,"menu_order":0,"comment_status":"closed","ping_status":"closed","template":"","meta":{"_acf_changed":false,"footnotes":""},"class_list":["post-180","page","type-page","status-publish","has-post-thumbnail","hentry"],"acf":[],"yoast_head":"<!-- This site is optimized with the Yoast SEO plugin v27.5 - https:\/\/yoast.com\/product\/yoast-seo-wordpress\/ -->\n<title>Cookie - Zendr - F\u00f6renkla din f\u00f6retagsfrakt<\/title>\n<meta name=\"robots\" content=\"index, nofollow, max-snippet:-1, max-image-preview:large, max-video-preview:-1\" \/>\n<link rel=\"canonical\" href=\"https:\/\/zendr.se\/no\/cookie\/\" \/>\n<meta property=\"og:locale\" content=\"nb_NO\" \/>\n<meta property=\"og:type\" content=\"article\" \/>\n<meta property=\"og:title\" content=\"Cookie - Zendr - F\u00f6renkla din f\u00f6retagsfrakt\" \/>\n<meta property=\"og:description\" content=\"Cookiepolicy Ikrafttr\u00e4dandedatum:\u00a02 juli 2025 Senast uppdaterad:\u00a02 juli 2025 \u00a0 \u00a0 Vad \u00e4r cookies? Denna cookiepolicy f\u00f6rklarar vad cookies \u00e4r, hur vi anv\u00e4nder dem, vilka typer av cookies vi anv\u00e4nder \u2013 det vill s\u00e4ga vilken information vi samlar in via cookies och hur den anv\u00e4nds \u2013 samt hur du kan hantera dina cookieinst\u00e4llningar. Cookies \u00e4r sm\u00e5 [&hellip;]\" \/>\n<meta property=\"og:url\" content=\"https:\/\/zendr.se\/no\/cookie\/\" \/>\n<meta property=\"og:site_name\" content=\"Zendr - F\u00f6renkla din f\u00f6retagsfrakt\" \/>\n<meta property=\"article:modified_time\" content=\"2025-07-02T18:22:26+00:00\" \/>\n<meta property=\"og:image\" content=\"https:\/\/zendr.se\/wp-content\/uploads\/2025\/04\/blogg_bild_Light_blue-1.png\" \/>\n\t<meta property=\"og:image:width\" content=\"1077\" \/>\n\t<meta property=\"og:image:height\" content=\"714\" \/>\n\t<meta property=\"og:image:type\" content=\"image\/png\" \/>\n<meta name=\"twitter:card\" content=\"summary_large_image\" \/>\n<meta name=\"twitter:label1\" content=\"Ansl. lesetid\" \/>\n\t<meta name=\"twitter:data1\" content=\"2 minutter\" \/>\n<script type=\"application\/ld+json\" class=\"yoast-schema-graph\">{\"@context\":\"https:\\\/\\\/schema.org\",\"@graph\":[{\"@type\":\"WebPage\",\"@id\":\"https:\\\/\\\/zendr.se\\\/cookie\\\/\",\"url\":\"https:\\\/\\\/zendr.se\\\/cookie\\\/\",\"name\":\"Cookie - Zendr - F\u00f6renkla din f\u00f6retagsfrakt\",\"isPartOf\":{\"@id\":\"https:\\\/\\\/zendr.se\\\/#website\"},\"primaryImageOfPage\":{\"@id\":\"https:\\\/\\\/zendr.se\\\/cookie\\\/#primaryimage\"},\"image\":{\"@id\":\"https:\\\/\\\/zendr.se\\\/cookie\\\/#primaryimage\"},\"thumbnailUrl\":\"https:\\\/\\\/zendr.se\\\/wp-content\\\/uploads\\\/2025\\\/04\\\/blogg_bild_Light_blue-1.png\",\"datePublished\":\"2024-02-02T09:41:10+00:00\",\"dateModified\":\"2025-07-02T18:22:26+00:00\",\"breadcrumb\":{\"@id\":\"https:\\\/\\\/zendr.se\\\/cookie\\\/#breadcrumb\"},\"inLanguage\":\"nb-NO\",\"potentialAction\":[{\"@type\":\"ReadAction\",\"target\":[\"https:\\\/\\\/zendr.se\\\/cookie\\\/\"]}]},{\"@type\":\"ImageObject\",\"inLanguage\":\"nb-NO\",\"@id\":\"https:\\\/\\\/zendr.se\\\/cookie\\\/#primaryimage\",\"url\":\"https:\\\/\\\/zendr.se\\\/wp-content\\\/uploads\\\/2025\\\/04\\\/blogg_bild_Light_blue-1.png\",\"contentUrl\":\"https:\\\/\\\/zendr.se\\\/wp-content\\\/uploads\\\/2025\\\/04\\\/blogg_bild_Light_blue-1.png\",\"width\":1077,\"height\":714},{\"@type\":\"BreadcrumbList\",\"@id\":\"https:\\\/\\\/zendr.se\\\/cookie\\\/#breadcrumb\",\"itemListElement\":[{\"@type\":\"ListItem\",\"position\":1,\"name\":\"Home\",\"item\":\"https:\\\/\\\/zendr.se\\\/\"},{\"@type\":\"ListItem\",\"position\":2,\"name\":\"Cookie\"}]},{\"@type\":\"WebSite\",\"@id\":\"https:\\\/\\\/zendr.se\\\/#website\",\"url\":\"https:\\\/\\\/zendr.se\\\/\",\"name\":\"zendr.se\",\"description\":\"Vi f\u00f6renklar frakt\",\"publisher\":{\"@id\":\"https:\\\/\\\/zendr.se\\\/#organization\"},\"potentialAction\":[{\"@type\":\"SearchAction\",\"target\":{\"@type\":\"EntryPoint\",\"urlTemplate\":\"https:\\\/\\\/zendr.se\\\/?s={search_term_string}\"},\"query-input\":{\"@type\":\"PropertyValueSpecification\",\"valueRequired\":true,\"valueName\":\"search_term_string\"}}],\"inLanguage\":\"nb-NO\"},{\"@type\":\"Organization\",\"@id\":\"https:\\\/\\\/zendr.se\\\/#organization\",\"name\":\"Zendr\",\"url\":\"https:\\\/\\\/zendr.se\\\/\",\"logo\":{\"@type\":\"ImageObject\",\"inLanguage\":\"nb-NO\",\"@id\":\"https:\\\/\\\/zendr.se\\\/#\\\/schema\\\/logo\\\/image\\\/\",\"url\":\"https:\\\/\\\/zendr.se\\\/wp-content\\\/uploads\\\/2025\\\/04\\\/cropped-cropped-Zendr-logo-2.png\",\"contentUrl\":\"https:\\\/\\\/zendr.se\\\/wp-content\\\/uploads\\\/2025\\\/04\\\/cropped-cropped-Zendr-logo-2.png\",\"width\":512,\"height\":119,\"caption\":\"Zendr\"},\"image\":{\"@id\":\"https:\\\/\\\/zendr.se\\\/#\\\/schema\\\/logo\\\/image\\\/\"}}]}<\/script>\n<!-- \/ Yoast SEO plugin. -->","yoast_head_json":{"title":"Cookie - Zendr - F\u00f6renkla din f\u00f6retagsfrakt","robots":{"index":"index","follow":"nofollow","max-snippet":"max-snippet:-1","max-image-preview":"max-image-preview:large","max-video-preview":"max-video-preview:-1"},"canonical":"https:\/\/zendr.se\/no\/cookie\/","og_locale":"nb_NO","og_type":"article","og_title":"Cookie - Zendr - F\u00f6renkla din f\u00f6retagsfrakt","og_description":"Cookiepolicy Ikrafttr\u00e4dandedatum:\u00a02 juli 2025 Senast uppdaterad:\u00a02 juli 2025 \u00a0 \u00a0 Vad \u00e4r cookies? Denna cookiepolicy f\u00f6rklarar vad cookies \u00e4r, hur vi anv\u00e4nder dem, vilka typer av cookies vi anv\u00e4nder \u2013 det vill s\u00e4ga vilken information vi samlar in via cookies och hur den anv\u00e4nds \u2013 samt hur du kan hantera dina cookieinst\u00e4llningar. Cookies \u00e4r sm\u00e5 [&hellip;]","og_url":"https:\/\/zendr.se\/no\/cookie\/","og_site_name":"Zendr - F\u00f6renkla din f\u00f6retagsfrakt","article_modified_time":"2025-07-02T18:22:26+00:00","og_image":[{"width":1077,"height":714,"url":"https:\/\/zendr.se\/wp-content\/uploads\/2025\/04\/blogg_bild_Light_blue-1.png","type":"image\/png"}],"twitter_card":"summary_large_image","twitter_misc":{"Ansl. lesetid":"2 minutter"},"schema":{"@context":"https:\/\/schema.org","@graph":[{"@type":"WebPage","@id":"https:\/\/zendr.se\/cookie\/","url":"https:\/\/zendr.se\/cookie\/","name":"Cookie - Zendr - F\u00f6renkla din f\u00f6retagsfrakt","isPartOf":{"@id":"https:\/\/zendr.se\/#website"},"primaryImageOfPage":{"@id":"https:\/\/zendr.se\/cookie\/#primaryimage"},"image":{"@id":"https:\/\/zendr.se\/cookie\/#primaryimage"},"thumbnailUrl":"https:\/\/zendr.se\/wp-content\/uploads\/2025\/04\/blogg_bild_Light_blue-1.png","datePublished":"2024-02-02T09:41:10+00:00","dateModified":"2025-07-02T18:22:26+00:00","breadcrumb":{"@id":"https:\/\/zendr.se\/cookie\/#breadcrumb"},"inLanguage":"nb-NO","potentialAction":[{"@type":"ReadAction","target":["https:\/\/zendr.se\/cookie\/"]}]},{"@type":"ImageObject","inLanguage":"nb-NO","@id":"https:\/\/zendr.se\/cookie\/#primaryimage","url":"https:\/\/zendr.se\/wp-content\/uploads\/2025\/04\/blogg_bild_Light_blue-1.png","contentUrl":"https:\/\/zendr.se\/wp-content\/uploads\/2025\/04\/blogg_bild_Light_blue-1.png","width":1077,"height":714},{"@type":"BreadcrumbList","@id":"https:\/\/zendr.se\/cookie\/#breadcrumb","itemListElement":[{"@type":"ListItem","position":1,"name":"Home","item":"https:\/\/zendr.se\/"},{"@type":"ListItem","position":2,"name":"Cookie"}]},{"@type":"WebSite","@id":"https:\/\/zendr.se\/#website","url":"https:\/\/zendr.se\/","name":"zendr.se","description":"Vi forenkler frakt","publisher":{"@id":"https:\/\/zendr.se\/#organization"},"potentialAction":[{"@type":"SearchAction","target":{"@type":"EntryPoint","urlTemplate":"https:\/\/zendr.se\/?s={search_term_string}"},"query-input":{"@type":"PropertyValueSpecification","valueRequired":true,"valueName":"search_term_string"}}],"inLanguage":"nb-NO"},{"@type":"Organization","@id":"https:\/\/zendr.se\/#organization","name":"Zendr","url":"https:\/\/zendr.se\/","logo":{"@type":"ImageObject","inLanguage":"nb-NO","@id":"https:\/\/zendr.se\/#\/schema\/logo\/image\/","url":"https:\/\/zendr.se\/wp-content\/uploads\/2025\/04\/cropped-cropped-Zendr-logo-2.png","contentUrl":"https:\/\/zendr.se\/wp-content\/uploads\/2025\/04\/cropped-cropped-Zendr-logo-2.png","width":512,"height":119,"caption":"Zendr"},"image":{"@id":"https:\/\/zendr.se\/#\/schema\/logo\/image\/"}}]}},"_links":{"self":[{"href":"https:\/\/zendr.se\/no\/wp-json\/wp\/v2\/pages\/180","targetHints":{"allow":["GET"]}}],"collection":[{"href":"https:\/\/zendr.se\/no\/wp-json\/wp\/v2\/pages"}],"about":[{"href":"https:\/\/zendr.se\/no\/wp-json\/wp\/v2\/types\/page"}],"author":[{"embeddable":true,"href":"https:\/\/zendr.se\/no\/wp-json\/wp\/v2\/users\/1"}],"replies":[{"embeddable":true,"href":"https:\/\/zendr.se\/no\/wp-json\/wp\/v2\/comments?post=180"}],"version-history":[{"count":19,"href":"https:\/\/zendr.se\/no\/wp-json\/wp\/v2\/pages\/180\/revisions"}],"predecessor-version":[{"id":5968,"href":"https:\/\/zendr.se\/no\/wp-json\/wp\/v2\/pages\/180\/revisions\/5968"}],"wp:featuredmedia":[{"embeddable":true,"href":"https:\/\/zendr.se\/no\/wp-json\/wp\/v2\/media\/3998"}],"wp:attachment":[{"href":"https:\/\/zendr.se\/no\/wp-json\/wp\/v2\/media?parent=180"}],"curies":[{"name":"wp","href":"https:\/\/api.w.org\/{rel}","templated":true}]}}