{"id":913,"date":"2024-08-26T12:51:55","date_gmt":"2024-08-26T12:51:55","guid":{"rendered":"https:\/\/zendr.se\/?page_id=913"},"modified":"2026-03-13T11:06:59","modified_gmt":"2026-03-13T10:06:59","slug":"demo","status":"publish","type":"page","link":"https:\/\/zendr.se\/no\/demo\/","title":{"rendered":"Boka demo av Zendr fraktportal"},"content":{"rendered":"<div data-elementor-type=\"wp-page\" data-elementor-id=\"913\" class=\"elementor elementor-913\" data-elementor-post-type=\"page\">\n\t\t\t\t<div class=\"elementor-element elementor-element-349a9fa e-flex e-con-boxed e-con e-parent\" data-id=\"349a9fa\" data-element_type=\"container\" data-e-type=\"container\" data-settings=\"{&quot;background_background&quot;:&quot;classic&quot;}\">\n\t\t\t\t\t<div class=\"e-con-inner\">\n\t\t\t\t<div class=\"elementor-element elementor-element-2adccf5 elementor-widget elementor-widget-spacer\" data-id=\"2adccf5\" data-element_type=\"widget\" data-e-type=\"widget\" data-widget_type=\"spacer.default\">\n\t\t\t\t<div class=\"elementor-widget-container\">\n\t\t\t\t\t\t\t<div class=\"elementor-spacer\">\n\t\t\t<div class=\"elementor-spacer-inner\"><\/div>\n\t\t<\/div>\n\t\t\t\t\t\t<\/div>\n\t\t\t\t<\/div>\n\t\t\t\t\t<\/div>\n\t\t\t\t<\/div>\n\t\t<div class=\"elementor-element elementor-element-f93b2a3 e-flex e-con-boxed e-con e-parent\" data-id=\"f93b2a3\" data-element_type=\"container\" data-e-type=\"container\" data-settings=\"{&quot;background_background&quot;:&quot;classic&quot;}\">\n\t\t\t\t\t<div class=\"e-con-inner\">\n\t\t<div class=\"elementor-element elementor-element-9dadbf2 e-flex e-con-boxed e-con e-child\" data-id=\"9dadbf2\" data-element_type=\"container\" data-e-type=\"container\">\n\t\t\t\t\t<div class=\"e-con-inner\">\n\t\t\t\t<div class=\"elementor-element elementor-element-16f40e9 elementor-widget__width-initial elementor-widget elementor-widget-heading\" data-id=\"16f40e9\" data-element_type=\"widget\" data-e-type=\"widget\" data-widget_type=\"heading.default\">\n\t\t\t\t<div class=\"elementor-widget-container\">\n\t\t\t\t\t<h1 class=\"elementor-heading-title elementor-size-default\">Bestill en demo og forenkle bedriftens frakt<\/h1>\t\t\t\t<\/div>\n\t\t\t\t<\/div>\n\t\t\t\t<div class=\"elementor-element elementor-element-0ce7e6c elementor-widget elementor-widget-text-editor\" data-id=\"0ce7e6c\" data-element_type=\"widget\" data-e-type=\"widget\" data-widget_type=\"text-editor.default\">\n\t\t\t\t<div class=\"elementor-widget-container\">\n\t\t\t\t\t\t\t\t\t<p style=\"text-align: left;\">F\u00e5 en gjennomgang av portalen og svar p\u00e5 dine sp\u00f8rsm\u00e5l direkte.\u00a0<span style=\"font-weight: 400;\">Etter en kort samtale kan vi forst\u00e5 hvordan vi kan forenkle din fraktsituasjon og im\u00f8tekomme dine behov<\/span><span style=\"text-align: var(--text-align);\">. Deretter kan du bestille din f\u00f8rste forsendelse hos oss.\u00a0<\/span><\/p><p><span style=\"font-weight: 400;\">Forenkle bedriftens frakt ved \u00e5 fylle ut skjemaet.<\/span><\/p>\t\t\t\t\t\t\t\t<\/div>\n\t\t\t\t<\/div>\n\t\t\t\t<div class=\"elementor-element elementor-element-e37f594 elementor-widget elementor-widget-spacer\" data-id=\"e37f594\" data-element_type=\"widget\" data-e-type=\"widget\" data-widget_type=\"spacer.default\">\n\t\t\t\t<div class=\"elementor-widget-container\">\n\t\t\t\t\t\t\t<div class=\"elementor-spacer\">\n\t\t\t<div class=\"elementor-spacer-inner\"><\/div>\n\t\t<\/div>\n\t\t\t\t\t\t<\/div>\n\t\t\t\t<\/div>\n\t\t\t\t<div class=\"elementor-element elementor-element-e987777 elementor-widget__width-inherit elementor-widget elementor-widget-html\" data-id=\"e987777\" data-element_type=\"widget\" data-e-type=\"widget\" data-widget_type=\"html.default\">\n\t\t\t\t<div class=\"elementor-widget-container\">\n\t\t\t\t\t<script src=\"https:\/\/js-eu1.hsforms.net\/forms\/embed\/147215366.js\" defer><\/script>\n<div class=\"hs-form-frame\" data-region=\"eu1\" data-form-id=\"757025b1-f6b6-4a1d-9de1-35e5dace47b2\" data-portal-id=\"147215366\"><\/div>\n\t\t\t\t<\/div>\n\t\t\t\t<\/div>\n\t\t\t\t\t<\/div>\n\t\t\t\t<\/div>\n\t\t\t\t\t<\/div>\n\t\t\t\t<\/div>\n\t\t<div class=\"elementor-element elementor-element-223e3a1 e-flex e-con-boxed e-con e-parent\" data-id=\"223e3a1\" data-element_type=\"container\" data-e-type=\"container\" data-settings=\"{&quot;background_background&quot;:&quot;classic&quot;}\">\n\t\t\t\t\t<div class=\"e-con-inner\">\n\t\t\t\t<div class=\"elementor-element elementor-element-1597e25 elementor-widget elementor-widget-spacer\" data-id=\"1597e25\" data-element_type=\"widget\" data-e-type=\"widget\" data-widget_type=\"spacer.default\">\n\t\t\t\t<div class=\"elementor-widget-container\">\n\t\t\t\t\t\t\t<div class=\"elementor-spacer\">\n\t\t\t<div class=\"elementor-spacer-inner\"><\/div>\n\t\t<\/div>\n\t\t\t\t\t\t<\/div>\n\t\t\t\t<\/div>\n\t\t\t\t\t<\/div>\n\t\t\t\t<\/div>\n\t\t<div class=\"elementor-element elementor-element-743e74b e-flex e-con-boxed e-con e-parent\" data-id=\"743e74b\" data-element_type=\"container\" data-e-type=\"container\">\n\t\t\t\t\t<div class=\"e-con-inner\">\n\t\t\t\t<div class=\"elementor-element elementor-element-7646f03 elementor-widget elementor-widget-spacer\" data-id=\"7646f03\" data-element_type=\"widget\" data-e-type=\"widget\" data-widget_type=\"spacer.default\">\n\t\t\t\t<div class=\"elementor-widget-container\">\n\t\t\t\t\t\t\t<div class=\"elementor-spacer\">\n\t\t\t<div class=\"elementor-spacer-inner\"><\/div>\n\t\t<\/div>\n\t\t\t\t\t\t<\/div>\n\t\t\t\t<\/div>\n\t\t\t\t\t<\/div>\n\t\t\t\t<\/div>\n\t\t\t\t<\/div>","protected":false},"excerpt":{"rendered":"<p>Boka demo och f\u00f6renkla din f\u00f6retagsfrakt F\u00e5 en genomg\u00e5ng av portalen och svar p\u00e5 dina fr\u00e5gor direkt.\u00a0Efter ett kort samtal kan vi f\u00f6rst\u00e5 hur vi kan underl\u00e4tta din fraktsituation och tillgodose dina behov. D\u00e4refter kan du boka din f\u00f6rsta frakt med oss.\u00a0 F\u00f6renkla din f\u00f6retagsfrakt genom att fylla i formul\u00e4ret.<\/p>","protected":false},"author":7,"featured_media":0,"parent":0,"menu_order":0,"comment_status":"closed","ping_status":"closed","template":"","meta":{"_acf_changed":false,"footnotes":""},"class_list":["post-913","page","type-page","status-publish","hentry"],"acf":[],"yoast_head":"<!-- This site is optimized with the Yoast SEO plugin v27.5 - https:\/\/yoast.com\/product\/yoast-seo-wordpress\/ -->\n<title>Boka demo av Zendr fraktportal - Zendr - F\u00f6renkla din f\u00f6retagsfrakt<\/title>\n<meta name=\"description\" content=\"Boka en demo med Zendr och f\u00f6renkla din f\u00f6retagsfrakt. Vi hj\u00e4lper dig med TA-system och f\u00f6rhandlade avtal, personlig service f\u00f6r dina behov.\" \/>\n<meta name=\"robots\" content=\"index, follow, max-snippet:-1, max-image-preview:large, max-video-preview:-1\" \/>\n<link rel=\"canonical\" href=\"https:\/\/zendr.se\/no\/demo\/\" \/>\n<meta property=\"og:locale\" content=\"nb_NO\" \/>\n<meta property=\"og:type\" content=\"article\" \/>\n<meta property=\"og:title\" content=\"Boka demo av Zendr fraktportal - Zendr - F\u00f6renkla din f\u00f6retagsfrakt\" \/>\n<meta property=\"og:description\" content=\"Boka en demo med Zendr och f\u00f6renkla din f\u00f6retagsfrakt. Vi hj\u00e4lper dig med TA-system och f\u00f6rhandlade avtal, personlig service f\u00f6r dina behov.\" \/>\n<meta property=\"og:url\" content=\"https:\/\/zendr.se\/no\/demo\/\" \/>\n<meta property=\"og:site_name\" content=\"Zendr - F\u00f6renkla din f\u00f6retagsfrakt\" \/>\n<meta property=\"article:modified_time\" content=\"2026-03-13T10:06:59+00:00\" \/>\n<meta name=\"twitter:card\" content=\"summary_large_image\" \/>\n<meta name=\"twitter:label1\" content=\"Ansl. lesetid\" \/>\n\t<meta name=\"twitter:data1\" content=\"1 minutt\" \/>\n<script type=\"application\/ld+json\" class=\"yoast-schema-graph\">{\"@context\":\"https:\\\/\\\/schema.org\",\"@graph\":[{\"@type\":\"WebPage\",\"@id\":\"https:\\\/\\\/zendr.se\\\/demo\\\/\",\"url\":\"https:\\\/\\\/zendr.se\\\/demo\\\/\",\"name\":\"Boka demo av Zendr fraktportal - Zendr - F\u00f6renkla din f\u00f6retagsfrakt\",\"isPartOf\":{\"@id\":\"https:\\\/\\\/zendr.se\\\/#website\"},\"datePublished\":\"2024-08-26T12:51:55+00:00\",\"dateModified\":\"2026-03-13T10:06:59+00:00\",\"description\":\"Boka en demo med Zendr och f\u00f6renkla din f\u00f6retagsfrakt. Vi hj\u00e4lper dig med TA-system och f\u00f6rhandlade avtal, personlig service f\u00f6r dina behov.\",\"breadcrumb\":{\"@id\":\"https:\\\/\\\/zendr.se\\\/demo\\\/#breadcrumb\"},\"inLanguage\":\"nb-NO\",\"potentialAction\":[{\"@type\":\"ReadAction\",\"target\":[\"https:\\\/\\\/zendr.se\\\/demo\\\/\"]}]},{\"@type\":\"BreadcrumbList\",\"@id\":\"https:\\\/\\\/zendr.se\\\/demo\\\/#breadcrumb\",\"itemListElement\":[{\"@type\":\"ListItem\",\"position\":1,\"name\":\"Home\",\"item\":\"https:\\\/\\\/zendr.se\\\/\"},{\"@type\":\"ListItem\",\"position\":2,\"name\":\"Boka demo av Zendr fraktportal\"}]},{\"@type\":\"WebSite\",\"@id\":\"https:\\\/\\\/zendr.se\\\/#website\",\"url\":\"https:\\\/\\\/zendr.se\\\/\",\"name\":\"zendr.se\",\"description\":\"Vi f\u00f6renklar frakt\",\"publisher\":{\"@id\":\"https:\\\/\\\/zendr.se\\\/#organization\"},\"potentialAction\":[{\"@type\":\"SearchAction\",\"target\":{\"@type\":\"EntryPoint\",\"urlTemplate\":\"https:\\\/\\\/zendr.se\\\/?s={search_term_string}\"},\"query-input\":{\"@type\":\"PropertyValueSpecification\",\"valueRequired\":true,\"valueName\":\"search_term_string\"}}],\"inLanguage\":\"nb-NO\"},{\"@type\":\"Organization\",\"@id\":\"https:\\\/\\\/zendr.se\\\/#organization\",\"name\":\"Zendr\",\"url\":\"https:\\\/\\\/zendr.se\\\/\",\"logo\":{\"@type\":\"ImageObject\",\"inLanguage\":\"nb-NO\",\"@id\":\"https:\\\/\\\/zendr.se\\\/#\\\/schema\\\/logo\\\/image\\\/\",\"url\":\"https:\\\/\\\/zendr.se\\\/wp-content\\\/uploads\\\/2025\\\/04\\\/cropped-cropped-Zendr-logo-2.png\",\"contentUrl\":\"https:\\\/\\\/zendr.se\\\/wp-content\\\/uploads\\\/2025\\\/04\\\/cropped-cropped-Zendr-logo-2.png\",\"width\":512,\"height\":119,\"caption\":\"Zendr\"},\"image\":{\"@id\":\"https:\\\/\\\/zendr.se\\\/#\\\/schema\\\/logo\\\/image\\\/\"}}]}<\/script>\n<!-- \/ Yoast SEO plugin. -->","yoast_head_json":{"title":"Boka demo av Zendr fraktportal - Zendr - F\u00f6renkla din f\u00f6retagsfrakt","description":"Boka en demo med Zendr och f\u00f6renkla din f\u00f6retagsfrakt. Vi hj\u00e4lper dig med TA-system och f\u00f6rhandlade avtal, personlig service f\u00f6r dina behov.","robots":{"index":"index","follow":"follow","max-snippet":"max-snippet:-1","max-image-preview":"max-image-preview:large","max-video-preview":"max-video-preview:-1"},"canonical":"https:\/\/zendr.se\/no\/demo\/","og_locale":"nb_NO","og_type":"article","og_title":"Boka demo av Zendr fraktportal - Zendr - F\u00f6renkla din f\u00f6retagsfrakt","og_description":"Boka en demo med Zendr och f\u00f6renkla din f\u00f6retagsfrakt. Vi hj\u00e4lper dig med TA-system och f\u00f6rhandlade avtal, personlig service f\u00f6r dina behov.","og_url":"https:\/\/zendr.se\/no\/demo\/","og_site_name":"Zendr - F\u00f6renkla din f\u00f6retagsfrakt","article_modified_time":"2026-03-13T10:06:59+00:00","twitter_card":"summary_large_image","twitter_misc":{"Ansl. lesetid":"1 minutt"},"schema":{"@context":"https:\/\/schema.org","@graph":[{"@type":"WebPage","@id":"https:\/\/zendr.se\/demo\/","url":"https:\/\/zendr.se\/demo\/","name":"Boka demo av Zendr fraktportal - Zendr - F\u00f6renkla din f\u00f6retagsfrakt","isPartOf":{"@id":"https:\/\/zendr.se\/#website"},"datePublished":"2024-08-26T12:51:55+00:00","dateModified":"2026-03-13T10:06:59+00:00","description":"Boka en demo med Zendr och f\u00f6renkla din f\u00f6retagsfrakt. Vi hj\u00e4lper dig med TA-system och f\u00f6rhandlade avtal, personlig service f\u00f6r dina behov.","breadcrumb":{"@id":"https:\/\/zendr.se\/demo\/#breadcrumb"},"inLanguage":"nb-NO","potentialAction":[{"@type":"ReadAction","target":["https:\/\/zendr.se\/demo\/"]}]},{"@type":"BreadcrumbList","@id":"https:\/\/zendr.se\/demo\/#breadcrumb","itemListElement":[{"@type":"ListItem","position":1,"name":"Home","item":"https:\/\/zendr.se\/"},{"@type":"ListItem","position":2,"name":"Boka demo av Zendr fraktportal"}]},{"@type":"WebSite","@id":"https:\/\/zendr.se\/#website","url":"https:\/\/zendr.se\/","name":"zendr.se","description":"Vi forenkler frakt","publisher":{"@id":"https:\/\/zendr.se\/#organization"},"potentialAction":[{"@type":"SearchAction","target":{"@type":"EntryPoint","urlTemplate":"https:\/\/zendr.se\/?s={search_term_string}"},"query-input":{"@type":"PropertyValueSpecification","valueRequired":true,"valueName":"search_term_string"}}],"inLanguage":"nb-NO"},{"@type":"Organization","@id":"https:\/\/zendr.se\/#organization","name":"Zendr","url":"https:\/\/zendr.se\/","logo":{"@type":"ImageObject","inLanguage":"nb-NO","@id":"https:\/\/zendr.se\/#\/schema\/logo\/image\/","url":"https:\/\/zendr.se\/wp-content\/uploads\/2025\/04\/cropped-cropped-Zendr-logo-2.png","contentUrl":"https:\/\/zendr.se\/wp-content\/uploads\/2025\/04\/cropped-cropped-Zendr-logo-2.png","width":512,"height":119,"caption":"Zendr"},"image":{"@id":"https:\/\/zendr.se\/#\/schema\/logo\/image\/"}}]}},"_links":{"self":[{"href":"https:\/\/zendr.se\/no\/wp-json\/wp\/v2\/pages\/913","targetHints":{"allow":["GET"]}}],"collection":[{"href":"https:\/\/zendr.se\/no\/wp-json\/wp\/v2\/pages"}],"about":[{"href":"https:\/\/zendr.se\/no\/wp-json\/wp\/v2\/types\/page"}],"author":[{"embeddable":true,"href":"https:\/\/zendr.se\/no\/wp-json\/wp\/v2\/users\/7"}],"replies":[{"embeddable":true,"href":"https:\/\/zendr.se\/no\/wp-json\/wp\/v2\/comments?post=913"}],"version-history":[{"count":145,"href":"https:\/\/zendr.se\/no\/wp-json\/wp\/v2\/pages\/913\/revisions"}],"predecessor-version":[{"id":8713,"href":"https:\/\/zendr.se\/no\/wp-json\/wp\/v2\/pages\/913\/revisions\/8713"}],"wp:attachment":[{"href":"https:\/\/zendr.se\/no\/wp-json\/wp\/v2\/media?parent=913"}],"curies":[{"name":"wp","href":"https:\/\/api.w.org\/{rel}","templated":true}]}}